{"id":427,"date":"2020-03-31T15:51:19","date_gmt":"2020-03-31T14:51:19","guid":{"rendered":"https:\/\/the7.io\/online-courses\/?page_id=427"},"modified":"2020-09-04T00:13:27","modified_gmt":"2020-09-04T00:13:27","slug":"blog","status":"publish","type":"page","link":"https:\/\/www.juanyustepalop.com\/index.php\/blog\/","title":{"rendered":"Blog"},"content":{"rendered":"\t\t<div data-elementor-type=\"wp-page\" data-elementor-id=\"427\" class=\"elementor elementor-427\" data-elementor-post-type=\"page\">\n\t\t\t\t\t\t<section class=\"elementor-section elementor-top-section elementor-element elementor-element-71d0890f elementor-section-boxed elementor-section-height-default elementor-section-height-default\" data-id=\"71d0890f\" data-element_type=\"section\" data-settings=\"{&quot;background_background&quot;:&quot;classic&quot;,&quot;shape_divider_bottom&quot;:&quot;mountains&quot;,&quot;jet_parallax_layout_list&quot;:[{&quot;jet_parallax_layout_image&quot;:{&quot;url&quot;:&quot;&quot;,&quot;id&quot;:&quot;&quot;,&quot;size&quot;:&quot;&quot;},&quot;_id&quot;:&quot;7fcfa62&quot;,&quot;jet_parallax_layout_image_tablet&quot;:{&quot;url&quot;:&quot;&quot;,&quot;id&quot;:&quot;&quot;,&quot;size&quot;:&quot;&quot;},&quot;jet_parallax_layout_image_mobile&quot;:{&quot;url&quot;:&quot;&quot;,&quot;id&quot;:&quot;&quot;,&quot;size&quot;:&quot;&quot;},&quot;jet_parallax_layout_speed&quot;:{&quot;unit&quot;:&quot;%&quot;,&quot;size&quot;:50,&quot;sizes&quot;:[]},&quot;jet_parallax_layout_type&quot;:&quot;scroll&quot;,&quot;jet_parallax_layout_direction&quot;:&quot;1&quot;,&quot;jet_parallax_layout_fx_direction&quot;:null,&quot;jet_parallax_layout_z_index&quot;:&quot;&quot;,&quot;jet_parallax_layout_bg_x&quot;:50,&quot;jet_parallax_layout_bg_y&quot;:50,&quot;jet_parallax_layout_bg_size&quot;:&quot;auto&quot;,&quot;jet_parallax_layout_animation_prop&quot;:&quot;transform&quot;,&quot;jet_parallax_layout_on&quot;:[&quot;desktop&quot;,&quot;tablet&quot;],&quot;jet_parallax_layout_bg_x_tablet&quot;:&quot;&quot;,&quot;jet_parallax_layout_bg_x_mobile&quot;:&quot;&quot;,&quot;jet_parallax_layout_bg_y_tablet&quot;:&quot;&quot;,&quot;jet_parallax_layout_bg_y_mobile&quot;:&quot;&quot;,&quot;jet_parallax_layout_bg_size_tablet&quot;:&quot;&quot;,&quot;jet_parallax_layout_bg_size_mobile&quot;:&quot;&quot;}]}\">\n\t\t\t\t\t<div class=\"elementor-shape elementor-shape-bottom\" aria-hidden=\"true\" data-negative=\"false\">\n\t\t\t<svg xmlns=\"http:\/\/www.w3.org\/2000\/svg\" viewBox=\"0 0 1000 100\" preserveAspectRatio=\"none\">\n\t<path class=\"elementor-shape-fill\" opacity=\"0.33\" d=\"M473,67.3c-203.9,88.3-263.1-34-320.3,0C66,119.1,0,59.7,0,59.7V0h1000v59.7 c0,0-62.1,26.1-94.9,29.3c-32.8,3.3-62.8-12.3-75.8-22.1C806,49.6,745.3,8.7,694.9,4.7S492.4,59,473,67.3z\"\/>\n\t<path class=\"elementor-shape-fill\" opacity=\"0.66\" d=\"M734,67.3c-45.5,0-77.2-23.2-129.1-39.1c-28.6-8.7-150.3-10.1-254,39.1 s-91.7-34.4-149.2,0C115.7,118.3,0,39.8,0,39.8V0h1000v36.5c0,0-28.2-18.5-92.1-18.5C810.2,18.1,775.7,67.3,734,67.3z\"\/>\n\t<path class=\"elementor-shape-fill\" d=\"M766.1,28.9c-200-57.5-266,65.5-395.1,19.5C242,1.8,242,5.4,184.8,20.6C128,35.8,132.3,44.9,89.9,52.5C28.6,63.7,0,0,0,0 h1000c0,0-9.9,40.9-83.6,48.1S829.6,47,766.1,28.9z\"\/>\n<\/svg>\t\t<\/div>\n\t\t\t\t\t<div class=\"elementor-container elementor-column-gap-wider\">\n\t\t\t\t\t<div class=\"elementor-column elementor-col-100 elementor-top-column elementor-element elementor-element-5d6472bd\" data-id=\"5d6472bd\" data-element_type=\"column\">\n\t\t\t<div class=\"elementor-widget-wrap elementor-element-populated\">\n\t\t\t\t\t\t<div class=\"elementor-element elementor-element-32921158 elementor-widget elementor-widget-heading\" data-id=\"32921158\" data-element_type=\"widget\" data-widget_type=\"heading.default\">\n\t\t\t\t<div class=\"elementor-widget-container\">\n\t\t\t\t\t<h2 class=\"elementor-heading-title elementor-size-default\">Art\u00edculos del Blog<\/h2>\t\t\t\t<\/div>\n\t\t\t\t<\/div>\n\t\t\t\t\t<\/div>\n\t\t<\/div>\n\t\t\t\t\t<\/div>\n\t\t<\/section>\n\t\t\t\t<section class=\"elementor-section elementor-top-section elementor-element elementor-element-7f8352e elementor-section-boxed elementor-section-height-default elementor-section-height-default\" data-id=\"7f8352e\" data-element_type=\"section\" data-settings=\"{&quot;jet_parallax_layout_list&quot;:[{&quot;jet_parallax_layout_image&quot;:{&quot;url&quot;:&quot;&quot;,&quot;id&quot;:&quot;&quot;,&quot;size&quot;:&quot;&quot;},&quot;_id&quot;:&quot;c405979&quot;,&quot;jet_parallax_layout_image_tablet&quot;:{&quot;url&quot;:&quot;&quot;,&quot;id&quot;:&quot;&quot;,&quot;size&quot;:&quot;&quot;},&quot;jet_parallax_layout_image_mobile&quot;:{&quot;url&quot;:&quot;&quot;,&quot;id&quot;:&quot;&quot;,&quot;size&quot;:&quot;&quot;},&quot;jet_parallax_layout_speed&quot;:{&quot;unit&quot;:&quot;%&quot;,&quot;size&quot;:50,&quot;sizes&quot;:[]},&quot;jet_parallax_layout_type&quot;:&quot;scroll&quot;,&quot;jet_parallax_layout_direction&quot;:&quot;1&quot;,&quot;jet_parallax_layout_fx_direction&quot;:null,&quot;jet_parallax_layout_z_index&quot;:&quot;&quot;,&quot;jet_parallax_layout_bg_x&quot;:50,&quot;jet_parallax_layout_bg_y&quot;:50,&quot;jet_parallax_layout_bg_size&quot;:&quot;auto&quot;,&quot;jet_parallax_layout_animation_prop&quot;:&quot;transform&quot;,&quot;jet_parallax_layout_on&quot;:[&quot;desktop&quot;,&quot;tablet&quot;],&quot;jet_parallax_layout_bg_x_tablet&quot;:&quot;&quot;,&quot;jet_parallax_layout_bg_x_mobile&quot;:&quot;&quot;,&quot;jet_parallax_layout_bg_y_tablet&quot;:&quot;&quot;,&quot;jet_parallax_layout_bg_y_mobile&quot;:&quot;&quot;,&quot;jet_parallax_layout_bg_size_tablet&quot;:&quot;&quot;,&quot;jet_parallax_layout_bg_size_mobile&quot;:&quot;&quot;}]}\">\n\t\t\t\t\t\t<div class=\"elementor-container elementor-column-gap-wider\">\n\t\t\t\t\t<div class=\"elementor-column elementor-col-100 elementor-top-column elementor-element elementor-element-0fc5dca\" data-id=\"0fc5dca\" data-element_type=\"column\">\n\t\t\t<div class=\"elementor-widget-wrap elementor-element-populated\">\n\t\t\t\t\t\t<div class=\"elementor-element elementor-element-a950041 preserve-img-ratio-cover elementor-widget elementor-widget-the7_elements\" data-id=\"a950041\" data-element_type=\"widget\" data-widget_type=\"the7_elements.default\">\n\t\t\t\t<div class=\"elementor-widget-container\">\n\t\t\t\t\t<div class=\"portfolio-shortcode the7-elementor-widget the7_elements-a950041 mode-grid dt-css-grid-wrap classic-layout-list description-under-image content-bg-on resize-by-browser-width widget-with-filter loading-effect-none enable-pagination-scroll jquery-filter\" data-padding=\"20px\" data-mobile-columns-num=\"1\" data-tablet-columns-num=\"3\" data-desktop-columns-num=\"3\" data-wide-desktop-columns-num=\"3\" data-post-limit=\"6\" data-pagination-mode=\"pages\" data-scroll-offset=\"0\" aria-live=\"assertive\"><div class=\"iso-filter filter-decorations css-grid-filter extras-off filter filter-pointer-default    filter-underline-decoration\"><div class=\"filter-categories\" data-default-order=\"\" data-default-orderby=\"\"><a href=\"https:\/\/www.juanyustepalop.com\/index.php\/blog\/\" class=\"show-all filter-item act\" data-filter=\"*\" aria-label=\"Apply filter: Ver todas las publicaciones\">Ver todas las publicaciones<\/a><a href=\"https:\/\/www.juanyustepalop.com\/index.php\/blog\/?term=nutricion\" class=\"filter-item nutricion\" data-filter=\".category-16\" aria-label=\"Apply filter: Nutrici\u00f3n\">Nutrici\u00f3n<\/a><a href=\"https:\/\/www.juanyustepalop.com\/index.php\/blog\/?term=salud\" class=\"filter-item salud\" data-filter=\".category-17\" aria-label=\"Apply filter: Salud\">Salud<\/a><\/div><\/div><div class=\"dt-css-grid custom-pagination-handler\"><div class=\"visible wf-cell category-17\" data-post-id=\"2572\" data-date=\"2020-09-07T20:05:15+00:00\" data-name=\"Vuelta de vacaciones \u00bfc\u00f3mo entrenar y comer?\"><article class=\"post visible post-2572 type-post status-publish format-standard has-post-thumbnail hentry category-salud category-17 description-off\" data-name=\"Vuelta de vacaciones \u00bfc\u00f3mo entrenar y comer?\" data-date=\"2020-09-07T20:05:15+00:00\">\n\n\t<div class=\"post-thumbnail-wrap\">\n\t\t<div class=\"post-thumbnail\">\n\n\t\t\t<a class=\"post-thumbnail-rollover layzr-bg img-css-resize-wrapper\" aria-label=\"Post image\" href=\"https:\/\/www.juanyustepalop.com\/index.php\/2020\/09\/07\/vuelta-de-vacaciones-como-entrenar-y-comer\/\"><img fetchpriority=\"high\" decoding=\"async\" width=\"1647\" height=\"866\" src=\"data:image\/svg+xml,%3Csvg%20xmlns%3D&#039;http%3A%2F%2Fwww.w3.org%2F2000%2Fsvg&#039;%20viewBox%3D&#039;0%200%201647%20866&#039;%2F%3E\" class=\"attachment-full size-full preload-me aspect lazy lazy-load\" alt=\"\" sizes=\"(max-width: 1647px) 100vw, 1647px\" style=\"--ratio: 1647 \/ 866;\" data-src=\"https:\/\/www.juanyustepalop.com\/wp-content\/uploads\/2020\/09\/Imagen-001-e1599510416939.jpg\" loading=\"eager\" data-srcset=\"https:\/\/www.juanyustepalop.com\/wp-content\/uploads\/2020\/09\/Imagen-001-e1599510416939.jpg 1647w, https:\/\/www.juanyustepalop.com\/wp-content\/uploads\/2020\/09\/Imagen-001-e1599510416939-300x158.jpg 300w, https:\/\/www.juanyustepalop.com\/wp-content\/uploads\/2020\/09\/Imagen-001-e1599510416939-1024x538.jpg 1024w, https:\/\/www.juanyustepalop.com\/wp-content\/uploads\/2020\/09\/Imagen-001-e1599510416939-768x404.jpg 768w, https:\/\/www.juanyustepalop.com\/wp-content\/uploads\/2020\/09\/Imagen-001-e1599510416939-1536x808.jpg 1536w\" \/><span class=\"the7-hover-icon\"><i aria-hidden=\"true\" class=\"fas fa-book-open\"><\/i><\/span><\/a>\n\t\t<\/div>\n\t<\/div>\n\n\n<div class=\"post-entry-content\">\n\n\t<h3 class=\"ele-entry-title\"><a href=\"https:\/\/www.juanyustepalop.com\/index.php\/2020\/09\/07\/vuelta-de-vacaciones-como-entrenar-y-comer\/\" rel=\"bookmark\" title=\"Vuelta de vacaciones \u00bfc\u00f3mo entrenar y comer?\">Vuelta de vacaciones \u00bfc\u00f3mo entrenar y comer?<\/a><\/h3><div class=\"entry-meta\"><span class=\"meta-item category-link\"><a href=\"https:\/\/www.juanyustepalop.com\/index.php\/category\/salud\/\" rel=\"tag\">Salud<\/a><\/span><span class=\"meta-item data-link\"><time class=\"entry-date updated\" datetime=\"2020-09-07T20:05:15+00:00\">septiembre 7, 2020<\/time><\/span><\/div><div class=\"entry-excerpt\"><p>\u00bfY AHORA QUE? ESTOY AL 120% DE ENERG\u00cdAS Y MOTIVACI\u00d3N &#8230;.ES 1 DE SEPTIEMBRE Y COMO HABITUALMENTE DESPU\u00c9S DE VACACIONES ME HE PROPUESTO COMENZAR A CUIDARME. \u00bfOs suena?, muchas veces&hellip;<\/p>\n<\/div><a href=\"https:\/\/www.juanyustepalop.com\/index.php\/2020\/09\/07\/vuelta-de-vacaciones-como-entrenar-y-comer\/\" target=\"\" aria-label=\"Read more about Vuelta de vacaciones \u00bfc\u00f3mo entrenar y comer?\" class=\"box-button elementor-button elementor-size-xs\">Leer m\u00e1s<\/a>\n<\/div><\/article><\/div><div class=\"visible wf-cell category-16\" data-post-id=\"2423\" data-date=\"2020-09-04T00:05:27+00:00\" data-name=\"Plato de Harvard\"><article class=\"post visible post-2423 type-post status-publish format-standard has-post-thumbnail hentry category-nutricion category-16 description-off\" data-name=\"Plato de Harvard\" data-date=\"2020-09-04T00:05:27+00:00\">\n\n\t<div class=\"post-thumbnail-wrap\">\n\t\t<div class=\"post-thumbnail\">\n\n\t\t\t<a class=\"post-thumbnail-rollover layzr-bg img-css-resize-wrapper\" aria-label=\"Post image\" href=\"https:\/\/www.juanyustepalop.com\/index.php\/2020\/09\/04\/plato-de-harvard\/\"><img decoding=\"async\" width=\"1400\" height=\"900\" src=\"data:image\/svg+xml,%3Csvg%20xmlns%3D&#039;http%3A%2F%2Fwww.w3.org%2F2000%2Fsvg&#039;%20viewBox%3D&#039;0%200%201400%20900&#039;%2F%3E\" class=\"attachment-full size-full preload-me aspect lazy lazy-load\" alt=\"\" sizes=\"(max-width: 1400px) 100vw, 1400px\" style=\"--ratio: 1400 \/ 900;\" data-src=\"https:\/\/www.juanyustepalop.com\/wp-content\/uploads\/2020\/09\/comidasaludable.jpg\" loading=\"eager\" data-srcset=\"https:\/\/www.juanyustepalop.com\/wp-content\/uploads\/2020\/09\/comidasaludable.jpg 1400w, https:\/\/www.juanyustepalop.com\/wp-content\/uploads\/2020\/09\/comidasaludable-300x193.jpg 300w, https:\/\/www.juanyustepalop.com\/wp-content\/uploads\/2020\/09\/comidasaludable-1024x658.jpg 1024w, https:\/\/www.juanyustepalop.com\/wp-content\/uploads\/2020\/09\/comidasaludable-768x494.jpg 768w\" \/><span class=\"the7-hover-icon\"><i aria-hidden=\"true\" class=\"fas fa-book-open\"><\/i><\/span><\/a>\n\t\t<\/div>\n\t<\/div>\n\n\n<div class=\"post-entry-content\">\n\n\t<h3 class=\"ele-entry-title\"><a href=\"https:\/\/www.juanyustepalop.com\/index.php\/2020\/09\/04\/plato-de-harvard\/\" rel=\"bookmark\" title=\"Plato de Harvard\">Plato de Harvard<\/a><\/h3><div class=\"entry-meta\"><span class=\"meta-item category-link\"><a href=\"https:\/\/www.juanyustepalop.com\/index.php\/category\/nutricion\/\" rel=\"tag\">Nutrici\u00f3n<\/a><\/span><span class=\"meta-item data-link\"><time class=\"entry-date updated\" datetime=\"2020-09-04T00:05:27+00:00\">septiembre 4, 2020<\/time><\/span><\/div><div class=\"entry-excerpt\"><p>Tod@s habr\u00e9is visualizado las siguientes im\u00e1genes infinidad de veces y espero que la mayor\u00eda sig\u00e1is esta f\u00f3rmula tan sencilla.&nbsp; Pero \u00bf cu\u00e1ntas veces por pereza de no hacer ensalada, tener&hellip;<\/p>\n<\/div><a href=\"https:\/\/www.juanyustepalop.com\/index.php\/2020\/09\/04\/plato-de-harvard\/\" target=\"\" aria-label=\"Read more about Plato de Harvard\" class=\"box-button elementor-button elementor-size-xs\">Leer m\u00e1s<\/a>\n<\/div><\/article><\/div><div class=\"visible wf-cell category-17\" data-post-id=\"2320\" data-date=\"2020-09-03T23:57:13+00:00\" data-name=\"Andar, la actividad que sube el neat\"><article class=\"post visible post-2320 type-post status-publish format-standard has-post-thumbnail hentry category-salud category-17 description-off\" data-name=\"Andar, la actividad que sube el neat\" data-date=\"2020-09-03T23:57:13+00:00\">\n\n\t<div class=\"post-thumbnail-wrap\">\n\t\t<div class=\"post-thumbnail\">\n\n\t\t\t<a class=\"post-thumbnail-rollover layzr-bg img-css-resize-wrapper\" aria-label=\"Post image\" href=\"https:\/\/www.juanyustepalop.com\/index.php\/2020\/09\/03\/andar-la-actividad-que-sube-el-neat\/\"><img decoding=\"async\" width=\"800\" height=\"534\" src=\"data:image\/svg+xml,%3Csvg%20xmlns%3D&#039;http%3A%2F%2Fwww.w3.org%2F2000%2Fsvg&#039;%20viewBox%3D&#039;0%200%20800%20534&#039;%2F%3E\" class=\"attachment-full size-full preload-me aspect lazy lazy-load\" alt=\"\" sizes=\"(max-width: 800px) 100vw, 800px\" style=\"--ratio: 800 \/ 534;\" data-src=\"https:\/\/www.juanyustepalop.com\/wp-content\/uploads\/2020\/09\/andar.jpeg\" loading=\"eager\" data-srcset=\"https:\/\/www.juanyustepalop.com\/wp-content\/uploads\/2020\/09\/andar.jpeg 800w, https:\/\/www.juanyustepalop.com\/wp-content\/uploads\/2020\/09\/andar-300x200.jpeg 300w, https:\/\/www.juanyustepalop.com\/wp-content\/uploads\/2020\/09\/andar-768x513.jpeg 768w\" \/><span class=\"the7-hover-icon\"><i aria-hidden=\"true\" class=\"fas fa-book-open\"><\/i><\/span><\/a>\n\t\t<\/div>\n\t<\/div>\n\n\n<div class=\"post-entry-content\">\n\n\t<h3 class=\"ele-entry-title\"><a href=\"https:\/\/www.juanyustepalop.com\/index.php\/2020\/09\/03\/andar-la-actividad-que-sube-el-neat\/\" rel=\"bookmark\" title=\"Andar, la actividad que sube el neat\">Andar, la actividad que sube el neat<\/a><\/h3><div class=\"entry-meta\"><span class=\"meta-item category-link\"><a href=\"https:\/\/www.juanyustepalop.com\/index.php\/category\/salud\/\" rel=\"tag\">Salud<\/a><\/span><span class=\"meta-item data-link\"><time class=\"entry-date updated\" datetime=\"2020-09-03T23:57:13+00:00\">septiembre 3, 2020<\/time><\/span><\/div><div class=\"entry-excerpt\"><p>Y algunos me preguntareis \u00bfQu\u00e9 es el NEAT? acr\u00f3nimo de \u201cnon-exercise activity thermogenesis\u201d. Engloba las acciones que no se consideran actividades deportivas (ir al gimnasio, salir a correr\u2026) pero si&hellip;<\/p>\n<\/div><a href=\"https:\/\/www.juanyustepalop.com\/index.php\/2020\/09\/03\/andar-la-actividad-que-sube-el-neat\/\" target=\"\" aria-label=\"Read more about Andar, la actividad que sube el neat\" class=\"box-button elementor-button elementor-size-xs\">Leer m\u00e1s<\/a>\n<\/div><\/article><\/div><\/div><!-- iso-container|iso-grid --><div class=\"paginator filter-decorations filter-pointer-underline filter-animation-fade\" role=\"navigation\"><\/div><\/div>\t\t\t\t<\/div>\n\t\t\t\t<\/div>\n\t\t\t\t\t<\/div>\n\t\t<\/div>\n\t\t\t\t\t<\/div>\n\t\t<\/section>\n\t\t\t\t<\/div>\n\t\t","protected":false},"excerpt":{"rendered":"<p>Art\u00edculos del Blog Ver todas las publicacionesNutrici\u00f3nSalud Plato de Harvard Nutrici\u00f3nseptiembre 4, 2020 Tod@s habr\u00e9is visualizado las siguientes im\u00e1genes infinidad de veces y espero que la mayor\u00eda sig\u00e1is esta f\u00f3rmula tan sencilla.&nbsp; Pero \u00bf cu\u00e1ntas veces por pereza de no hacer ensalada, tener&hellip; Leer m\u00e1s Andar, la actividad que sube el neat Saludseptiembre 3, 2020&hellip;<\/p>\n","protected":false},"author":1,"featured_media":1051,"parent":0,"menu_order":60,"comment_status":"closed","ping_status":"closed","template":"elementor_header_footer","meta":{"footnotes":""},"class_list":["post-427","page","type-page","status-publish","has-post-thumbnail","hentry","category-17","description-off"],"_links":{"self":[{"href":"https:\/\/www.juanyustepalop.com\/index.php\/wp-json\/wp\/v2\/pages\/427","targetHints":{"allow":["GET"]}}],"collection":[{"href":"https:\/\/www.juanyustepalop.com\/index.php\/wp-json\/wp\/v2\/pages"}],"about":[{"href":"https:\/\/www.juanyustepalop.com\/index.php\/wp-json\/wp\/v2\/types\/page"}],"author":[{"embeddable":true,"href":"https:\/\/www.juanyustepalop.com\/index.php\/wp-json\/wp\/v2\/users\/1"}],"replies":[{"embeddable":true,"href":"https:\/\/www.juanyustepalop.com\/index.php\/wp-json\/wp\/v2\/comments?post=427"}],"version-history":[{"count":3,"href":"https:\/\/www.juanyustepalop.com\/index.php\/wp-json\/wp\/v2\/pages\/427\/revisions"}],"predecessor-version":[{"id":2430,"href":"https:\/\/www.juanyustepalop.com\/index.php\/wp-json\/wp\/v2\/pages\/427\/revisions\/2430"}],"wp:featuredmedia":[{"embeddable":true,"href":"https:\/\/www.juanyustepalop.com\/index.php\/wp-json\/wp\/v2\/media\/1051"}],"wp:attachment":[{"href":"https:\/\/www.juanyustepalop.com\/index.php\/wp-json\/wp\/v2\/media?parent=427"}],"curies":[{"name":"wp","href":"https:\/\/api.w.org\/{rel}","templated":true}]}}