{"id":418,"date":"2020-03-31T15:50:16","date_gmt":"2020-03-31T14:50:16","guid":{"rendered":"https:\/\/the7.io\/online-courses\/?page_id=418"},"modified":"2020-09-04T08:00:08","modified_gmt":"2020-09-04T08:00:08","slug":"sobre-mi","status":"publish","type":"page","link":"https:\/\/www.juanyustepalop.com\/index.php\/sobre-mi\/","title":{"rendered":"Sobre mi"},"content":{"rendered":"\t\t<div data-elementor-type=\"wp-page\" data-elementor-id=\"418\" class=\"elementor elementor-418\" data-elementor-post-type=\"page\">\n\t\t\t\t\t\t<section class=\"elementor-section elementor-top-section elementor-element elementor-element-60ccef7b elementor-section-boxed elementor-section-height-default elementor-section-height-default\" data-id=\"60ccef7b\" data-element_type=\"section\" data-settings=\"{&quot;background_background&quot;:&quot;classic&quot;,&quot;shape_divider_bottom&quot;:&quot;mountains&quot;,&quot;jet_parallax_layout_list&quot;:[{&quot;jet_parallax_layout_image&quot;:{&quot;url&quot;:&quot;&quot;,&quot;id&quot;:&quot;&quot;,&quot;size&quot;:&quot;&quot;},&quot;_id&quot;:&quot;a265dab&quot;,&quot;jet_parallax_layout_image_tablet&quot;:{&quot;url&quot;:&quot;&quot;,&quot;id&quot;:&quot;&quot;,&quot;size&quot;:&quot;&quot;},&quot;jet_parallax_layout_image_mobile&quot;:{&quot;url&quot;:&quot;&quot;,&quot;id&quot;:&quot;&quot;,&quot;size&quot;:&quot;&quot;},&quot;jet_parallax_layout_speed&quot;:{&quot;unit&quot;:&quot;%&quot;,&quot;size&quot;:50,&quot;sizes&quot;:[]},&quot;jet_parallax_layout_type&quot;:&quot;scroll&quot;,&quot;jet_parallax_layout_direction&quot;:&quot;1&quot;,&quot;jet_parallax_layout_fx_direction&quot;:null,&quot;jet_parallax_layout_z_index&quot;:&quot;&quot;,&quot;jet_parallax_layout_bg_x&quot;:50,&quot;jet_parallax_layout_bg_y&quot;:50,&quot;jet_parallax_layout_bg_size&quot;:&quot;auto&quot;,&quot;jet_parallax_layout_animation_prop&quot;:&quot;transform&quot;,&quot;jet_parallax_layout_on&quot;:[&quot;desktop&quot;,&quot;tablet&quot;],&quot;jet_parallax_layout_bg_x_tablet&quot;:&quot;&quot;,&quot;jet_parallax_layout_bg_x_mobile&quot;:&quot;&quot;,&quot;jet_parallax_layout_bg_y_tablet&quot;:&quot;&quot;,&quot;jet_parallax_layout_bg_y_mobile&quot;:&quot;&quot;,&quot;jet_parallax_layout_bg_size_tablet&quot;:&quot;&quot;,&quot;jet_parallax_layout_bg_size_mobile&quot;:&quot;&quot;}]}\">\n\t\t\t\t\t<div class=\"elementor-shape elementor-shape-bottom\" aria-hidden=\"true\" data-negative=\"false\">\n\t\t\t<svg xmlns=\"http:\/\/www.w3.org\/2000\/svg\" viewBox=\"0 0 1000 100\" preserveAspectRatio=\"none\">\n\t<path class=\"elementor-shape-fill\" opacity=\"0.33\" d=\"M473,67.3c-203.9,88.3-263.1-34-320.3,0C66,119.1,0,59.7,0,59.7V0h1000v59.7 c0,0-62.1,26.1-94.9,29.3c-32.8,3.3-62.8-12.3-75.8-22.1C806,49.6,745.3,8.7,694.9,4.7S492.4,59,473,67.3z\"\/>\n\t<path class=\"elementor-shape-fill\" opacity=\"0.66\" d=\"M734,67.3c-45.5,0-77.2-23.2-129.1-39.1c-28.6-8.7-150.3-10.1-254,39.1 s-91.7-34.4-149.2,0C115.7,118.3,0,39.8,0,39.8V0h1000v36.5c0,0-28.2-18.5-92.1-18.5C810.2,18.1,775.7,67.3,734,67.3z\"\/>\n\t<path class=\"elementor-shape-fill\" d=\"M766.1,28.9c-200-57.5-266,65.5-395.1,19.5C242,1.8,242,5.4,184.8,20.6C128,35.8,132.3,44.9,89.9,52.5C28.6,63.7,0,0,0,0 h1000c0,0-9.9,40.9-83.6,48.1S829.6,47,766.1,28.9z\"\/>\n<\/svg>\t\t<\/div>\n\t\t\t\t\t<div class=\"elementor-container elementor-column-gap-wider\">\n\t\t\t\t\t<div class=\"elementor-column elementor-col-100 elementor-top-column elementor-element elementor-element-c8c9b45\" data-id=\"c8c9b45\" data-element_type=\"column\">\n\t\t\t<div class=\"elementor-widget-wrap elementor-element-populated\">\n\t\t\t\t\t\t<div class=\"elementor-element elementor-element-1b38ef10 elementor-widget elementor-widget-heading\" data-id=\"1b38ef10\" data-element_type=\"widget\" data-widget_type=\"heading.default\">\n\t\t\t\t<div class=\"elementor-widget-container\">\n\t\t\t\t\t<h2 class=\"elementor-heading-title elementor-size-default\">Sobre m\u00ed<\/h2>\t\t\t\t<\/div>\n\t\t\t\t<\/div>\n\t\t\t\t\t<\/div>\n\t\t<\/div>\n\t\t\t\t\t<\/div>\n\t\t<\/section>\n\t\t\t\t<section class=\"elementor-section elementor-top-section elementor-element elementor-element-9e4373e elementor-section-content-middle elementor-section-boxed elementor-section-height-default elementor-section-height-default\" data-id=\"9e4373e\" data-element_type=\"section\" data-settings=\"{&quot;background_background&quot;:&quot;classic&quot;,&quot;jet_parallax_layout_list&quot;:[{&quot;jet_parallax_layout_image&quot;:{&quot;url&quot;:&quot;&quot;,&quot;id&quot;:&quot;&quot;,&quot;size&quot;:&quot;&quot;},&quot;_id&quot;:&quot;019cbb2&quot;,&quot;jet_parallax_layout_image_tablet&quot;:{&quot;url&quot;:&quot;&quot;,&quot;id&quot;:&quot;&quot;,&quot;size&quot;:&quot;&quot;},&quot;jet_parallax_layout_image_mobile&quot;:{&quot;url&quot;:&quot;&quot;,&quot;id&quot;:&quot;&quot;,&quot;size&quot;:&quot;&quot;},&quot;jet_parallax_layout_speed&quot;:{&quot;unit&quot;:&quot;%&quot;,&quot;size&quot;:50,&quot;sizes&quot;:[]},&quot;jet_parallax_layout_type&quot;:&quot;scroll&quot;,&quot;jet_parallax_layout_direction&quot;:&quot;1&quot;,&quot;jet_parallax_layout_fx_direction&quot;:null,&quot;jet_parallax_layout_z_index&quot;:&quot;&quot;,&quot;jet_parallax_layout_bg_x&quot;:50,&quot;jet_parallax_layout_bg_y&quot;:50,&quot;jet_parallax_layout_bg_size&quot;:&quot;auto&quot;,&quot;jet_parallax_layout_animation_prop&quot;:&quot;transform&quot;,&quot;jet_parallax_layout_on&quot;:[&quot;desktop&quot;,&quot;tablet&quot;],&quot;jet_parallax_layout_bg_x_tablet&quot;:&quot;&quot;,&quot;jet_parallax_layout_bg_x_mobile&quot;:&quot;&quot;,&quot;jet_parallax_layout_bg_y_tablet&quot;:&quot;&quot;,&quot;jet_parallax_layout_bg_y_mobile&quot;:&quot;&quot;,&quot;jet_parallax_layout_bg_size_tablet&quot;:&quot;&quot;,&quot;jet_parallax_layout_bg_size_mobile&quot;:&quot;&quot;}]}\">\n\t\t\t\t\t\t<div class=\"elementor-container elementor-column-gap-wider\">\n\t\t\t\t\t<div class=\"elementor-column elementor-col-50 elementor-top-column elementor-element elementor-element-835099b\" data-id=\"835099b\" data-element_type=\"column\">\n\t\t\t<div class=\"elementor-widget-wrap elementor-element-populated\">\n\t\t\t\t\t\t<div class=\"elementor-element elementor-element-4bb98c3 elementor-widget elementor-widget-heading\" data-id=\"4bb98c3\" data-element_type=\"widget\" data-widget_type=\"heading.default\">\n\t\t\t\t<div class=\"elementor-widget-container\">\n\t\t\t\t\t<h4 class=\"elementor-heading-title elementor-size-medium\">Mi filosof\u00eda<\/h4>\t\t\t\t<\/div>\n\t\t\t\t<\/div>\n\t\t\t\t<div class=\"elementor-element elementor-element-0b7688b elementor-widget elementor-widget-heading\" data-id=\"0b7688b\" data-element_type=\"widget\" data-widget_type=\"heading.default\">\n\t\t\t\t<div class=\"elementor-widget-container\">\n\t\t\t\t\t<h3 class=\"elementor-heading-title elementor-size-default\">Mi ilusi\u00f3n es poder ayudar a la gente a mejorar a trav\u00e9s del deporte y la nutrici\u00f3n su salud f\u00edsica y mental, mejorando as\u00ed la sensaci\u00f3n general de bienestar<\/h3>\t\t\t\t<\/div>\n\t\t\t\t<\/div>\n\t\t\t\t<div class=\"elementor-element elementor-element-e277a99 elementor-widget elementor-widget-text-editor\" data-id=\"e277a99\" data-element_type=\"widget\" data-widget_type=\"text-editor.default\">\n\t\t\t\t<div class=\"elementor-widget-container\">\n\t\t\t\t\t\t\t\t\t<p><span style=\"font-weight: 400;\">Quiero empezar hablando de c\u00f3mo y porqu\u00e9 decid\u00ed dedicarme a este trabajo, la raz\u00f3n, mi pasi\u00f3n por el deporte, la salud y el rendimiento. P<\/span><span style=\"font-weight: 400;\">ara poder hacer este trabajo necesito en mi d\u00eda a d\u00eda gran dosis de cari\u00f1o de mi familia y amigos, unido a mis ganas de viajar y seguir aprendiendo.<\/span><\/p><p><b>Todos\u00a0 estamos de acuerdo con que la salud es lo m\u00e1s importante, pero muchas veces la dejamos en \u00faltimo lugar en nuestra lista y no cuidamos nuestro bien m\u00e1s preciado.<\/b><\/p><p><span style=\"font-weight: 400;\">Mi primera experiencia formativa marc\u00f3 lo que despu\u00e9s ser\u00eda mi itinerario de vida, primero realic\u00e9 el Grado superior en Ense\u00f1anza, animaci\u00f3n y actividades f\u00edsico deportivas, esto me anim\u00f3 a realizar la\u00a0 licenciatura en ciencias de la actividad f\u00edsica y deporte, cuando entras en este mundo y\u00a0 te gusta tanto como a m\u00ed no puedes dejar de querer aprender y conocer por este motivo continu\u00e9 con el t\u00edtulo de entrenador nacional de nataci\u00f3n, congresos, nutrici\u00f3n deportiva, coach nutricional, papers, audios y libros infinitos para cada crecer cada d\u00eda como profesional y como persona, <\/span><b>las ganas de seguir mejorando y aprendiendo para dar nuestra mejor versi\u00f3n y ayudar a la gente a conquistar sus sue\u00f1os<\/b><span style=\"font-weight: 400;\">; ya sea para mejorar sus marcas y rendir mejor, mejorar su salud y bienestar, rehabilitarse de alguna lesi\u00f3n\/operaci\u00f3n, mejorar su composici\u00f3n corporal &#8230;etc.<\/span><\/p><p><span style=\"font-weight: 400;\">\u00a0<\/span><\/p><p><b>Nos han vendido y siguen queriendo vender f\u00f3rmulas m\u00e1gicas, dietas milagros, p\u00f3cimas de Panoramix incre\u00edbles<\/b><span style=\"font-weight: 400;\">, pero el ser humano es una m\u00e1quina con engranajes para alimentarse de los productos que nos da la tierra, unido a la actividad f\u00edsica\u2026 si\u00a0 has o\u00eddo bien. Moverse lo m\u00e1ximo que puedas y de la forma m\u00e1s eficiente para ti, cada persona adapt\u00e1ndose a sus horarios de familia, trabajo,\u00a0 gen\u00e9tica, aspectos m\u00e9dicos,\u00a0 pero no te preocupes, tengo una soluci\u00f3n y es m\u00e1s f\u00e1cil de lo que\u00a0 piensas.<\/span><\/p><p><span style=\"font-weight: 400;\">Conf\u00eda en un profesional apasionado de la actividad f\u00edsica y el deporte e invierte en esto que siempre decimos que es lo m\u00e1s importante&#8230;la salud. Si decides que soy yo, puedo ofrecerte algo que aprend\u00ed de mis padres&#8230;.trabajo, ilusi\u00f3n y esfuerzo.<\/span><\/p><p><span style=\"font-weight: 400;\">A nivel personal fui un ni\u00f1o que se pas\u00f3 toda su ni\u00f1ez detr\u00e1s de un bal\u00f3n de f\u00fatbol, jugando y practicando todos los deportes posibles, como todo adolescente tuve mis tropiezos habituales, aprendiendo a superar lesiones complicadas que me hicieron pensar y buscar\u00a0 c\u00f3mo superar estos obst\u00e1culos estudiando c\u00f3mo re-adaptarse. En la facultad encontr\u00e9 otra de mis pasiones, el triatl\u00f3n y con ello otra dosis de curiosidad por los deportes de resistencia y en la actualidad el trabajo de fuerza, composici\u00f3n corporal y h\u00e1bitos de vida saludable.<\/span><\/p><p><b>Llevo m\u00e1s de 15 a\u00f1os de experiencia entrenando y ayudando<\/b><span style=\"font-weight: 400;\"> a personas, amigos, familia adem\u00e1s de mi trabajo como profesor de educaci\u00f3n f\u00edsica con j\u00f3venes de secundaria, puedo decir que me siento un privilegiado ya que puedo trabajar en algo que d\u00eda a d\u00eda me llena de energ\u00eda y da MI MEJOR VERSI\u00d3N.<\/span><\/p><p><span style=\"font-weight: 400;\">\u00a0<\/span><\/p><p><span style=\"font-weight: 400;\">En la secci\u00f3n \u201ctestimonios\u201d podr\u00e9is ver a muchas de esas personas que ya forman parte de mi vida y que han realizado mis ilusiones realidad.\u00a0 Espero con mis nuevos y nuevas incorporaciones de vida saludable lograr bienestar, aumentar su autoestima, bajar los niveles de estr\u00e9s, en general ayudar al crecimiento y desarrollo saludable, yo\u00a0 seguir\u00e9 aprendiendo de cada una de estas experiencias y como profesional del sector seguir viviendo con mis deportistas \u00e9xitos deportivos.<\/span><\/p>\t\t\t\t\t\t\t\t<\/div>\n\t\t\t\t<\/div>\n\t\t\t\t\t<\/div>\n\t\t<\/div>\n\t\t\t\t<div class=\"elementor-column elementor-col-50 elementor-top-column elementor-element elementor-element-e562dbe\" data-id=\"e562dbe\" data-element_type=\"column\">\n\t\t\t<div class=\"elementor-widget-wrap elementor-element-populated\">\n\t\t\t\t\t\t<div class=\"elementor-element elementor-element-83f64e9 elementor-widget elementor-widget-gallery\" data-id=\"83f64e9\" data-element_type=\"widget\" data-settings=\"{&quot;gallery_layout&quot;:&quot;justified&quot;,&quot;ideal_row_height&quot;:{&quot;unit&quot;:&quot;px&quot;,&quot;size&quot;:363,&quot;sizes&quot;:[]},&quot;lazyload&quot;:&quot;yes&quot;,&quot;ideal_row_height_tablet&quot;:{&quot;unit&quot;:&quot;px&quot;,&quot;size&quot;:150,&quot;sizes&quot;:[]},&quot;ideal_row_height_mobile&quot;:{&quot;unit&quot;:&quot;px&quot;,&quot;size&quot;:150,&quot;sizes&quot;:[]},&quot;gap&quot;:{&quot;unit&quot;:&quot;px&quot;,&quot;size&quot;:10,&quot;sizes&quot;:[]},&quot;gap_tablet&quot;:{&quot;unit&quot;:&quot;px&quot;,&quot;size&quot;:10,&quot;sizes&quot;:[]},&quot;gap_mobile&quot;:{&quot;unit&quot;:&quot;px&quot;,&quot;size&quot;:10,&quot;sizes&quot;:[]},&quot;link_to&quot;:&quot;file&quot;,&quot;overlay_background&quot;:&quot;yes&quot;,&quot;content_hover_animation&quot;:&quot;fade-in&quot;}\" data-widget_type=\"gallery.default\">\n\t\t\t\t<div class=\"elementor-widget-container\">\n\t\t\t\t\t\t\t<div class=\"elementor-gallery__container\">\n\t\t\t\t\t\t\t<a class=\"e-gallery-item elementor-gallery-item elementor-animated-content\" href=\"https:\/\/www.juanyustepalop.com\/wp-content\/uploads\/2020\/09\/captura_999444.jpg\" data-elementor-open-lightbox=\"yes\" data-elementor-lightbox-slideshow=\"83f64e9\" data-elementor-lightbox-title=\"captura_999(444)\" data-e-action-hash=\"#elementor-action%3Aaction%3Dlightbox%26settings%3DeyJpZCI6MjQ0OCwidXJsIjoiaHR0cHM6XC9cL3d3dy5qdWFueXVzdGVwYWxvcC5jb21cL3dwLWNvbnRlbnRcL3VwbG9hZHNcLzIwMjBcLzA5XC9jYXB0dXJhXzk5OTQ0NC5qcGciLCJzbGlkZXNob3ciOiI4M2Y2NGU5In0%3D\">\n\t\t\t\t\t<div class=\"e-gallery-image elementor-gallery-item__image\" data-thumbnail=\"https:\/\/www.juanyustepalop.com\/wp-content\/uploads\/2020\/09\/captura_999444.jpg\" data-width=\"516\" data-height=\"781\" aria-label=\"\" role=\"img\" ><\/div>\n\t\t\t\t\t\t\t\t\t\t\t<div class=\"elementor-gallery-item__overlay\"><\/div>\n\t\t\t\t\t\t\t\t\t\t\t\t\t\t<\/a>\n\t\t\t\t\t\t\t<a class=\"e-gallery-item elementor-gallery-item elementor-animated-content\" href=\"https:\/\/www.juanyustepalop.com\/wp-content\/uploads\/2020\/09\/captura_999442.jpg\" data-elementor-open-lightbox=\"yes\" data-elementor-lightbox-slideshow=\"83f64e9\" data-elementor-lightbox-title=\"captura_999(442)\" data-e-action-hash=\"#elementor-action%3Aaction%3Dlightbox%26settings%3DeyJpZCI6MjQ1MCwidXJsIjoiaHR0cHM6XC9cL3d3dy5qdWFueXVzdGVwYWxvcC5jb21cL3dwLWNvbnRlbnRcL3VwbG9hZHNcLzIwMjBcLzA5XC9jYXB0dXJhXzk5OTQ0Mi5qcGciLCJzbGlkZXNob3ciOiI4M2Y2NGU5In0%3D\">\n\t\t\t\t\t<div class=\"e-gallery-image elementor-gallery-item__image\" data-thumbnail=\"https:\/\/www.juanyustepalop.com\/wp-content\/uploads\/2020\/09\/captura_999442.jpg\" data-width=\"1404\" data-height=\"781\" aria-label=\"\" role=\"img\" ><\/div>\n\t\t\t\t\t\t\t\t\t\t\t<div class=\"elementor-gallery-item__overlay\"><\/div>\n\t\t\t\t\t\t\t\t\t\t\t\t\t\t<\/a>\n\t\t\t\t\t\t\t<a class=\"e-gallery-item elementor-gallery-item elementor-animated-content\" href=\"https:\/\/www.juanyustepalop.com\/wp-content\/uploads\/2020\/09\/captura_999443.jpg\" data-elementor-open-lightbox=\"yes\" data-elementor-lightbox-slideshow=\"83f64e9\" data-elementor-lightbox-title=\"captura_999(443)\" data-e-action-hash=\"#elementor-action%3Aaction%3Dlightbox%26settings%3DeyJpZCI6MjQ0OSwidXJsIjoiaHR0cHM6XC9cL3d3dy5qdWFueXVzdGVwYWxvcC5jb21cL3dwLWNvbnRlbnRcL3VwbG9hZHNcLzIwMjBcLzA5XC9jYXB0dXJhXzk5OTQ0My5qcGciLCJzbGlkZXNob3ciOiI4M2Y2NGU5In0%3D\">\n\t\t\t\t\t<div class=\"e-gallery-image elementor-gallery-item__image\" data-thumbnail=\"https:\/\/www.juanyustepalop.com\/wp-content\/uploads\/2020\/09\/captura_999443.jpg\" data-width=\"1182\" data-height=\"783\" aria-label=\"\" role=\"img\" ><\/div>\n\t\t\t\t\t\t\t\t\t\t\t<div class=\"elementor-gallery-item__overlay\"><\/div>\n\t\t\t\t\t\t\t\t\t\t\t\t\t\t<\/a>\n\t\t\t\t\t\t\t<a class=\"e-gallery-item elementor-gallery-item elementor-animated-content\" href=\"https:\/\/www.juanyustepalop.com\/wp-content\/uploads\/2020\/09\/captura_999441.jpg\" data-elementor-open-lightbox=\"yes\" data-elementor-lightbox-slideshow=\"83f64e9\" data-elementor-lightbox-title=\"captura_999(441)\" data-e-action-hash=\"#elementor-action%3Aaction%3Dlightbox%26settings%3DeyJpZCI6MjQ1MSwidXJsIjoiaHR0cHM6XC9cL3d3dy5qdWFueXVzdGVwYWxvcC5jb21cL3dwLWNvbnRlbnRcL3VwbG9hZHNcLzIwMjBcLzA5XC9jYXB0dXJhXzk5OTQ0MS5qcGciLCJzbGlkZXNob3ciOiI4M2Y2NGU5In0%3D\">\n\t\t\t\t\t<div class=\"e-gallery-image elementor-gallery-item__image\" data-thumbnail=\"https:\/\/www.juanyustepalop.com\/wp-content\/uploads\/2020\/09\/captura_999441.jpg\" data-width=\"1172\" data-height=\"779\" aria-label=\"\" role=\"img\" ><\/div>\n\t\t\t\t\t\t\t\t\t\t\t<div class=\"elementor-gallery-item__overlay\"><\/div>\n\t\t\t\t\t\t\t\t\t\t\t\t\t\t<\/a>\n\t\t\t\t\t\t\t<a class=\"e-gallery-item elementor-gallery-item elementor-animated-content\" href=\"https:\/\/www.juanyustepalop.com\/wp-content\/uploads\/2020\/09\/captura_999445.jpg\" data-elementor-open-lightbox=\"yes\" data-elementor-lightbox-slideshow=\"83f64e9\" data-elementor-lightbox-title=\"captura_999(445)\" data-e-action-hash=\"#elementor-action%3Aaction%3Dlightbox%26settings%3DeyJpZCI6MjQ0NywidXJsIjoiaHR0cHM6XC9cL3d3dy5qdWFueXVzdGVwYWxvcC5jb21cL3dwLWNvbnRlbnRcL3VwbG9hZHNcLzIwMjBcLzA5XC9jYXB0dXJhXzk5OTQ0NS5qcGciLCJzbGlkZXNob3ciOiI4M2Y2NGU5In0%3D\">\n\t\t\t\t\t<div class=\"e-gallery-image elementor-gallery-item__image\" data-thumbnail=\"https:\/\/www.juanyustepalop.com\/wp-content\/uploads\/2020\/09\/captura_999445.jpg\" data-width=\"1108\" data-height=\"779\" aria-label=\"\" role=\"img\" ><\/div>\n\t\t\t\t\t\t\t\t\t\t\t<div class=\"elementor-gallery-item__overlay\"><\/div>\n\t\t\t\t\t\t\t\t\t\t\t\t\t\t<\/a>\n\t\t\t\t\t<\/div>\n\t\t\t\t\t<\/div>\n\t\t\t\t<\/div>\n\t\t\t\t\t<\/div>\n\t\t<\/div>\n\t\t\t\t\t<\/div>\n\t\t<\/section>\n\t\t\t\t<\/div>\n\t\t","protected":false},"excerpt":{"rendered":"<p>Sobre m\u00ed Mi filosof\u00eda Mi ilusi\u00f3n es poder ayudar a la gente a mejorar a trav\u00e9s del deporte y la nutrici\u00f3n su salud f\u00edsica y mental, mejorando as\u00ed la sensaci\u00f3n general de bienestar Quiero empezar hablando de c\u00f3mo y porqu\u00e9 decid\u00ed dedicarme a este trabajo, la raz\u00f3n, mi pasi\u00f3n por el deporte, la salud y&hellip;<\/p>\n","protected":false},"author":1,"featured_media":47,"parent":0,"menu_order":20,"comment_status":"closed","ping_status":"closed","template":"elementor_header_footer","meta":{"footnotes":""},"class_list":["post-418","page","type-page","status-publish","has-post-thumbnail","hentry"],"_links":{"self":[{"href":"https:\/\/www.juanyustepalop.com\/index.php\/wp-json\/wp\/v2\/pages\/418","targetHints":{"allow":["GET"]}}],"collection":[{"href":"https:\/\/www.juanyustepalop.com\/index.php\/wp-json\/wp\/v2\/pages"}],"about":[{"href":"https:\/\/www.juanyustepalop.com\/index.php\/wp-json\/wp\/v2\/types\/page"}],"author":[{"embeddable":true,"href":"https:\/\/www.juanyustepalop.com\/index.php\/wp-json\/wp\/v2\/users\/1"}],"replies":[{"embeddable":true,"href":"https:\/\/www.juanyustepalop.com\/index.php\/wp-json\/wp\/v2\/comments?post=418"}],"version-history":[{"count":10,"href":"https:\/\/www.juanyustepalop.com\/index.php\/wp-json\/wp\/v2\/pages\/418\/revisions"}],"predecessor-version":[{"id":2459,"href":"https:\/\/www.juanyustepalop.com\/index.php\/wp-json\/wp\/v2\/pages\/418\/revisions\/2459"}],"wp:featuredmedia":[{"embeddable":true,"href":"https:\/\/www.juanyustepalop.com\/index.php\/wp-json\/wp\/v2\/media\/47"}],"wp:attachment":[{"href":"https:\/\/www.juanyustepalop.com\/index.php\/wp-json\/wp\/v2\/media?parent=418"}],"curies":[{"name":"wp","href":"https:\/\/api.w.org\/{rel}","templated":true}]}}